{"id":341,"date":"2017-04-22T22:00:04","date_gmt":"2017-04-22T22:00:04","guid":{"rendered":"http:\/\/www.adriano.ca\/?page_id=341"},"modified":"2017-06-07T00:25:21","modified_gmt":"2017-06-07T00:25:21","slug":"maintenance","status":"publish","type":"page","link":"https:\/\/avco.ca\/?page_id=341","title":{"rendered":"Entretien"},"content":{"rendered":"<div id=\"pl-341\"  class=\"panel-layout\" ><div id=\"pg-341-0\"  class=\"panel-grid panel-has-style\" ><div class=\"panel-row-style panel-row-style-for-341-0\" ><div id=\"pgc-341-0-0\"  class=\"panel-grid-cell panel-grid-cell-empty\" ><\/div><div id=\"pgc-341-0-1\"  class=\"panel-grid-cell panel-grid-cell-mobile-last\" ><div id=\"panel-341-0-1-0\" class=\"so-panel widget widget_text panel-first-child panel-last-child\" data-index=\"0\" ><div class=\"panel-widget-style panel-widget-style-for-341-0-1-0\" ><h3 class=\"widget-title\">ENTRETIEN DE B\u00c9TON<\/h3>\t\t\t<div class=\"textwidget\"><p><b>B\u00c9TON N\u2019A JAMAIS \u00c9T\u00c9 AUSSI BIEN !<\/b><\/p>\n<p><b>L\u2019INCIDENCE DES FONDANTS SUR B\u00c9TON:<\/b><\/p>\n<p>La  plus part des dommages de b\u00e9ton sont le r\u00e9sultat des effets naturels des cycles de gel-d\u00e9gel, pas une attaque chimique par un fondant. L\u2019humidit\u00e9 s\u2019infiltre dans les pores de la surface et des fissures dans le b\u00e9ton et comme elle change de glace, d\u00e9veloppe et met la pression sur les surfaces environnantes. D\u00e9t\u00e9rioration de fissuration ou de surface peut entra\u00eener stress sur des zones plus faibles dans le b\u00e9ton. \u00c0 l\u2019aide d\u2019un g\u00e9n\u00e9rateur de glace augmente le nombre de cycles de gel-d\u00e9gel et le risque de dommages au b\u00e9ton. Cependant, les dangers et les risques de blessures associ\u00e9es aux surfaces glissantes doivent \u00eatre pes\u00e9s contre cela. Du b\u00e9ton cellulaire correctement con\u00e7u pour les climats froids (tel que recommand\u00e9 par Avco Inc.) dispose d\u2019un r\u00e9seau de petites poches d\u2019air qui lui permettent d\u2019accueillir des cycles de gel-d\u00e9gel. Surfaces de mauvaise qualit\u00e9 ne peuvent pas supporter le stress associ\u00e9 \u00e0 ces cycles. <\/p>\n<p>Fondants n\u2019est pas recommand\u00e9 sur les surfaces suivantes ; b\u00e9ton qui est inf\u00e9rieure \u00e0 1 an (balcon, marches, ou passerelles), Pierre ou des surfaces en b\u00e9ton qui sont \u00e9br\u00e9ch\u00e9s, fissur\u00e9, couvrait ou ont expos\u00e9s ensemble.<\/p>\n<p>Voici quelques recommandations pour r\u00e9duire les risques de dommages au b\u00e9ton : <\/p>\n<p>\u2022\tAppliquer le fondant \u00e0 doses recommand\u00e9es.<br \/>\n\u2022\tUtilisation d'un type de pousser ou de la main tenuede la glaci\u00e8re \u00e9pandeur un fondant avec un marqueur de colorant pour l\u2019environnement inerte peut faciliter l\u2019\u00e9vitent d\u2019application.<br \/>\n\u2022\tUtiliser un fondant avec la protection \u00e9tendue reg\u00e8le.<br \/>\n\u2022\tEnlever l\u2019eau et neige fondante avant d\u00e9cong\u00e9lation ne se produise.<br \/>\n\u2022\t\u00c9vitez d\u2019utiliser des fondants sur du b\u00e9ton non cellulaire ou d\u2019autres surfaces vuln\u00e9rables.<br \/>\n\u2022\tAppliquer un scellant de puissance commerciale lorsqu\u2019il est sec.<\/p>\n<p><b>Comment entretenir mon b\u00e9ton en hiver ?<\/b><\/p>\n<p>Vous pouvez aider maintenir b\u00e9ton de pelleter la neige depuis votre balcon, \u00e9tapes, all\u00e9e, all\u00e9e. En gardant la neige effac\u00e9e, il y a moins de chance qu\u2019il comprimeravers le bas point de cong\u00e9lation dans la surface et acc\u00e9l\u00e9rer le gel\/ce cycle. Moins le nombredes fois que l\u2019eau p\u00e9n\u00e8tre dans le b\u00e9ton et se fige, moins probable qu\u2019il va devenirendommag\u00e9. Utiliser une pelle en plastique au lieu d\u2019un m\u00e9tal. Coins de courbe\/pointue d\u2019un us\u00e9spelle m\u00e9tallique pouvant endommager la surface de certains types de b\u00e9ton.<\/p>\n<p><b>Est-ce bon d\u2019utiliser du sel comme un d\u00e9gla\u00e7ant ?<\/b><\/p>\n<p>La r\u00e9ponse courte est que NO! Sel est tr\u00e8s corrosif pour le b\u00e9ton et ca peux finalement imm\u00e9diatement, causer des dommages \u00e0 de nombreux types de b\u00e9ton.<\/p>\n<p><b>Qu\u2019en est-il des d\u00e9givreurs \u00ab \u00c9cologique\u00bb ?<\/b><\/p>\n<p>Il existe quatre principaux types de sels d\u00e9gla\u00e7ant, qui ont tous des caract\u00e9ristiques diff\u00e9rentes et sont chaque \u00e9t\u00e9 con\u00e7ue pour fonctionner dans certaines gammes de temp\u00e9rature.<\/p>\n<p>1.\tLe sel de d\u00e9gla\u00e7age plus courant est r\u00e9guli\u00e8re de sel gemme ou chlorure de sodium. C\u2019estlargement disponible et peut faire fondre la neige et de glace jusqu'\u00e0 ce que la temp\u00e9rature descende en dessous -8\u00b0C. Au-dessous de ces temp\u00e9ratures le sel gemme cesse de fonte de neige et glace.Sel gemme lib\u00e8re \u00e9galement la plus grande quantit\u00e9 d\u2019ions chlorure, lorsqu\u2019il se dissout.Chlorure peut polluer les lacs, les rivi\u00e8res, les voies navigables et peut \u00e9galement causer de m\u00e9tal \u00e0corroder.<\/p>\n<p>2.\tChlorure de calcium est un autre sel de d\u00e9gla\u00e7age qui est g\u00e9n\u00e9ralement commercialis\u00e9 en minusculespellets blancs. Il peut faire fondre la neige et la glace bien en de\u00e7\u00e0 de-17\u00b0C. Il peut causer la peauattaquer une irritation si vos mains sont moites, lors de son utilisation et chimiquementb\u00e9ton.<\/p>\n<p>3.\tChlorure de Potassium est un autre sel de d\u00e9gla\u00e7age qui est maintenant disponible. Il n\u2019est pas unirritant de la peau ne sera pas nuire \u00e0 la v\u00e9g\u00e9tation mais seulement faire fondre la glace et la neige quandtemp\u00e9rature est sup\u00e9rieure \u00e0-9\u00b0C.<\/p>\n<p>4.\tLe sel de d\u00e9gla\u00e7age plus r\u00e9cent est le chlorure de magn\u00e9sium. Il continuera \u00e0 faire fondre la neigeet bien en de\u00e7\u00e0 de-25\u00b0C de glace. Ce sel lib\u00e8re environ 40% moins chlorure dansl\u2019environnement que le sel gemme ou de chlorure de Calcium. Il peut \u00eatre moins dommageable pour les surfaces en b\u00e9ton de qualit\u00e9 inconnue ou douteuse.<\/p>\n<p>La propri\u00e9t\u00e9 commune de tous ces diff\u00e9rents types de fondants, c\u2019est qu\u2019ils semblent tous avoirsusceptible d\u2019endommager le b\u00e9ton et certains sont nocifs pour l\u2019environnement.Un autre probl\u00e8me potentiel avec l\u2019aide d\u2019un d\u00e9gla\u00e7ant quelconque est le dommage caus\u00e9 paraugment\u00e9 gel\/cycles. Par exemple, lorsqu\u2019un produit convenant au  -9\u00b0C fond de neigeet la glace, il entrera dans les pores du b\u00e9ton comme l\u2019eau sal\u00e9e. Lorsque la temp\u00e9raturechute en dessous de la temp\u00e9rature nominale de ce sel particulier il peut congeler de nouveau et d\u2019\u00e9largirdans les pores du b\u00e9ton causant des dommages. Plusieurs types de sel de d\u00e9gla\u00e7age sontcommercialis\u00e9s en tant que \u00ab\u00c9cologiques\u00bb. Soyez prudent lorsque vous utilisez ces produits etlire attentivement les instructions.<\/p>\n<p>**Une alternative aux produits de d\u00e9gla\u00e7age consiste \u00e0 \u00e9tendre le gravier sable ou fine sur la surface. S\u2019il y aun souci de s\u00e9curit\u00e9 et vous doit utiliser un d\u00e9gla\u00e7ant, enlever la glace et le r\u00e9sidu avec unepelle ou balai imm\u00e9diatement apr\u00e8s que le produit a fondu la neige et le verglas.* *<\/p>\n<p>Alternativement, si vous vous trouvez dans la situation o\u00f9 vous devez syst\u00e9matiquement utiliser un d\u00e9gla\u00e7ant d\u2019un certain type, vous voudrez tout d\u2019abord de prot\u00e9ger les surfaces avec un scellant r\u00e9sistant de sel. Il y a des nombreux produits d\u2019\u00e9tanch\u00e9it\u00e9 sont disponibles pour toutes les surfaces qui prot\u00e9geront contre les effets desubstances caustiques tels que le sel. Il y a aussi des mastics avec poign\u00e9e additive int\u00e9gr\u00e9ceux qui peuvent augmenter la traction. Bien qu\u2019il aidera seulement \u00e0 r\u00e9duire les dommages potentiels \u00e0 la surface.<\/p>\n<p><b>Les Top 3 Conseils pour le Soin d\u2019Hiver:<\/b><\/p>\n<p><b>1.\tD\u00e9neigement \u2013 all\u00e9e de pave \/ expos\u00e9s des escaliers et balcon agr\u00e9gat \/ b\u00e9ton<\/b><br \/>\nD\u00e9neigement agressifavec l\u2019aide d\u2019une lame de m\u00e9tal peut causer des dommages notables vos pav\u00e9s ou all\u00e9e de b\u00e9ton. En utilisant un caoutchouc ou vinyle-tranchant de lame de d\u00e9neigement vas un long chemin vers la pr\u00e9servation de votre all\u00e9e.<\/p>\n<p><b>2.\tPelleter la neige et des souffleuses \u00e0 neige <\/b><br \/>\nQuand pelletage de neige sur les trottoirs, nous vous recommandons d\u2019utiliser une pelle en plastique. Pelles m\u00e9tal ont tendance \u00e0 se gratter les surfaces pav\u00e9es et le b\u00e9ton d\u00e9coratif. Ces dommages peuvent \u00eatre visuellement attrayants et co\u00fbteux de difficult\u00e9. Pour effacer une entr\u00e9e de garage, nous vous recommandons d\u2019utiliser une souffleuse \u00e0 neige qui a des chaussures en plastique ou en vinyle pour prot\u00e9ger les pav\u00e9s.<\/p>\n<p><b>3.\tStationnement de votre v\u00e9hicule<\/b><br \/>\nSi vous stationner votre v\u00e9hicule au m\u00eame endroit tous les jours en hiver soyez conscient que la neige compact\u00e9e dans votre puits de roue contienne des niveaux \u00e9lev\u00e9s de sel. Enlever tout exc\u00e8s de neige qui tombe de votre puits de roues sur votre entr\u00e9e, car il aidera \u00e0 prolonger la dur\u00e9e de vie de votre b\u00e9ton.<\/p>\n<\/div>\n\t\t<\/div><\/div><\/div><div id=\"pgc-341-0-2\"  class=\"panel-grid-cell panel-grid-cell-empty\" ><\/div><\/div><\/div><\/div>","protected":false},"excerpt":{"rendered":"<p>ENTRETIEN DE B\u00c9TON B\u00c9TON N\u2019A JAMAIS \u00c9T\u00c9 AUSSI BIEN ! L\u2019INCIDENCE DES FONDANTS SUR B\u00c9TON: La plus part des dommages de b\u00e9ton sont le r\u00e9sultat des effets naturels des cycles de gel-d\u00e9gel, pas une attaque chimique par un fondant. L\u2019humidit\u00e9 s\u2019infiltre dans les pores de la surface et des fissures dans le b\u00e9ton et comme [&hellip;]<\/p>\n","protected":false},"author":1,"featured_media":0,"parent":0,"menu_order":0,"comment_status":"closed","ping_status":"closed","template":"about-blank.php","meta":{"footnotes":""},"_links":{"self":[{"href":"https:\/\/avco.ca\/index.php?rest_route=\/wp\/v2\/pages\/341"}],"collection":[{"href":"https:\/\/avco.ca\/index.php?rest_route=\/wp\/v2\/pages"}],"about":[{"href":"https:\/\/avco.ca\/index.php?rest_route=\/wp\/v2\/types\/page"}],"author":[{"embeddable":true,"href":"https:\/\/avco.ca\/index.php?rest_route=\/wp\/v2\/users\/1"}],"replies":[{"embeddable":true,"href":"https:\/\/avco.ca\/index.php?rest_route=%2Fwp%2Fv2%2Fcomments&post=341"}],"version-history":[{"count":13,"href":"https:\/\/avco.ca\/index.php?rest_route=\/wp\/v2\/pages\/341\/revisions"}],"predecessor-version":[{"id":706,"href":"https:\/\/avco.ca\/index.php?rest_route=\/wp\/v2\/pages\/341\/revisions\/706"}],"wp:attachment":[{"href":"https:\/\/avco.ca\/index.php?rest_route=%2Fwp%2Fv2%2Fmedia&parent=341"}],"curies":[{"name":"wp","href":"https:\/\/api.w.org\/{rel}","templated":true}]}}