{"id":326,"date":"2017-04-22T20:56:29","date_gmt":"2017-04-22T20:56:29","guid":{"rendered":"http:\/\/www.adriano.ca\/?page_id=326"},"modified":"2017-06-09T16:17:52","modified_gmt":"2017-06-09T16:17:52","slug":"commercial","status":"publish","type":"page","link":"https:\/\/avco.ca\/?page_id=326","title":{"rendered":"Commercial"},"content":{"rendered":"<div id=\"pl-326\"  class=\"panel-layout\" ><div id=\"pg-326-0\"  class=\"panel-grid panel-has-style\" ><div class=\"panel-row-style panel-row-style-for-326-0\" ><div id=\"pgc-326-0-0\"  class=\"panel-grid-cell panel-grid-cell-empty\" ><\/div><div id=\"pgc-326-0-1\"  class=\"panel-grid-cell\" ><div id=\"panel-326-0-1-0\" class=\"so-panel widget widget_text panel-first-child\" data-index=\"0\" ><div class=\"panel-widget-style panel-widget-style-for-326-0-1-0\" ><h3 class=\"widget-title\">CONSTRUCTION COMMERCIAL<\/h3>\t\t\t<div class=\"textwidget\"><\/div>\n\t\t<\/div><\/div><div id=\"panel-326-0-1-1\" class=\"so-panel widget widget_text panel-last-child\" data-index=\"1\" ><div class=\"panel-widget-style panel-widget-style-for-326-0-1-1\" >\t\t\t<div class=\"textwidget\"><p>Avco Inc. peut vous fournir un service de restauration du b\u00e9ton \u00e0 vos biens commerciaux qui comprennent des all\u00e9es, des rampes d'handicap et des dalles de b\u00e9ton int\u00e9rieurs.<\/p>\n<p>- B\u00e9ton ( trottoir )<br \/>\n- Rampes d'handicap<\/p>\n<\/div>\n\t\t<\/div><\/div><\/div><div id=\"pgc-326-0-2\"  class=\"panel-grid-cell panel-grid-cell-empty\" ><\/div><div id=\"pgc-326-0-3\"  class=\"panel-grid-cell panel-grid-cell-mobile-last\" ><div id=\"panel-326-0-3-0\" class=\"so-panel widget widget_text panel-first-child\" data-index=\"2\" ><div class=\"panel-widget-style panel-widget-style-for-326-0-3-0\" ><h3 class=\"widget-title\">NOS SERVICES<\/h3>\t\t\t<div class=\"textwidget\"><\/div>\n\t\t<\/div><\/div><div id=\"panel-326-0-3-1\" class=\"so-panel widget widget_text panel-last-child\" data-index=\"3\" ><div class=\"panel-widget-style panel-widget-style-for-326-0-3-1\" >\t\t\t<div class=\"textwidget\"><div class=\"ich-prefix\">\r\n\r\n    \r\n    <div class=\"row wcp-fgg-wrap\" style=\"width:auto;margin-left: -10px;margin-right: -10px;\">\r\n\r\n                                <div class=\"col-1-4\" style=\"padding: 10px;\">\r\n                <div class=\"wcp-caption-plugin\" ontouchstart=\"\" id=\"wcp-widget-693-1\" style=\"\">\r\n            <div class=\"image-caption-box\">\r\n            <div class=\"caption slide-left-to-right\"\r\n                style=\"background-color: ;\r\n                    color: ;\">\r\n                <div style=\"display:table;height:100%;width: 100%;\">\r\n                    <div class=\"centered-text\" style=\"text-align: auto; padding: 5px;\">\r\n                        B\u00e9ton ( trottoir )                    <\/div>\r\n                <\/div>\r\n            <\/div>\r\n            <img decoding=\"async\" class=\"wcp-caption-image\" src=\"http:\/\/avco.ca\/wp-content\/uploads\/2017\/06\/walkway.jpg\" title=\"\" alt=\"\" style=\"\"\/>\r\n        <\/div>\r\n\r\n    <\/div>\r\n<style>\r\n    <\/style>            <\/div>\r\n            \r\n                                <div class=\"col-1-4\" style=\"padding: 10px;\">\r\n                <div class=\"wcp-caption-plugin\" ontouchstart=\"\" id=\"wcp-widget-693-2\" style=\"\">\r\n            <div class=\"image-caption-box\">\r\n            <div class=\"caption slide-left-to-right\"\r\n                style=\"background-color: ;\r\n                    color: ;\">\r\n                <div style=\"display:table;height:100%;width: 100%;\">\r\n                    <div class=\"centered-text\" style=\"text-align: auto; padding: 5px;\">\r\n                        Rampes d'handicap                    <\/div>\r\n                <\/div>\r\n            <\/div>\r\n            <img decoding=\"async\" class=\"wcp-caption-image\" src=\"http:\/\/avco.ca\/wp-content\/uploads\/2017\/03\/handicap_ramp.png\" title=\"\" alt=\"\" style=\"\"\/>\r\n        <\/div>\r\n\r\n    <\/div>\r\n<style>\r\n    <\/style>            <\/div>\r\n            \r\n            <\/div>\r\n    \r\n\r\n    \r\n    <div class=\"clearfix\"><\/div>\r\n    \r\n<\/div><\/div>\n\t\t<\/div><\/div><\/div><div id=\"pgc-326-0-4\"  class=\"panel-grid-cell panel-grid-cell-empty\" ><\/div><\/div><\/div><\/div>","protected":false},"excerpt":{"rendered":"<p>CONSTRUCTION COMMERCIAL Avco Inc. peut vous fournir un service de restauration du b\u00e9ton \u00e0 vos biens commerciaux qui comprennent des all\u00e9es, des rampes d&#8217;handicap et des dalles de b\u00e9ton int\u00e9rieurs. &#8211; B\u00e9ton ( trottoir ) &#8211; Rampes d&#8217;handicap NOS SERVICES B\u00e9ton ( trottoir ) Rampes d&#8217;handicap<\/p>\n","protected":false},"author":1,"featured_media":0,"parent":0,"menu_order":0,"comment_status":"closed","ping_status":"closed","template":"commericial-blank.php","meta":{"footnotes":""},"_links":{"self":[{"href":"https:\/\/avco.ca\/index.php?rest_route=\/wp\/v2\/pages\/326"}],"collection":[{"href":"https:\/\/avco.ca\/index.php?rest_route=\/wp\/v2\/pages"}],"about":[{"href":"https:\/\/avco.ca\/index.php?rest_route=\/wp\/v2\/types\/page"}],"author":[{"embeddable":true,"href":"https:\/\/avco.ca\/index.php?rest_route=\/wp\/v2\/users\/1"}],"replies":[{"embeddable":true,"href":"https:\/\/avco.ca\/index.php?rest_route=%2Fwp%2Fv2%2Fcomments&post=326"}],"version-history":[{"count":135,"href":"https:\/\/avco.ca\/index.php?rest_route=\/wp\/v2\/pages\/326\/revisions"}],"predecessor-version":[{"id":844,"href":"https:\/\/avco.ca\/index.php?rest_route=\/wp\/v2\/pages\/326\/revisions\/844"}],"wp:attachment":[{"href":"https:\/\/avco.ca\/index.php?rest_route=%2Fwp%2Fv2%2Fmedia&parent=326"}],"curies":[{"name":"wp","href":"https:\/\/api.w.org\/{rel}","templated":true}]}}