{"id":251,"date":"2017-04-21T15:15:26","date_gmt":"2017-04-21T15:15:26","guid":{"rendered":"http:\/\/www.adriano.ca\/?page_id=251"},"modified":"2017-06-08T19:27:50","modified_gmt":"2017-06-08T19:27:50","slug":"residential","status":"publish","type":"page","link":"https:\/\/avco.ca\/?page_id=251","title":{"rendered":"R\u00e9sidentiel"},"content":{"rendered":"<div id=\"pl-251\"  class=\"panel-layout\" ><div id=\"pg-251-0\"  class=\"panel-grid panel-has-style\" ><div class=\"panel-row-style panel-row-style-for-251-0\" ><div id=\"pgc-251-0-0\"  class=\"panel-grid-cell panel-grid-cell-empty\" ><\/div><div id=\"pgc-251-0-1\"  class=\"panel-grid-cell\" ><div id=\"panel-251-0-1-0\" class=\"so-panel widget widget_text panel-first-child panel-last-child\" data-index=\"0\" ><div class=\"panel-widget-style panel-widget-style-for-251-0-1-0\" ><h3 class=\"widget-title\">CONSTRUCTION R\u00c9SIDENTIEL<\/h3>\t\t\t<div class=\"textwidget\"><p>Avco Inc. vous fournira une service plus respectable des solutions pour vous aider \u00e0 accomplir vos r\u00e9alisations pour votre maison. <\/p>\n<p>Avco Inc. utilise la derni\u00e8re technologie de ciment pour chaque projet. B\u00e9ton est une bonne alternative abordable et peut durer longtemps avec moins d\u2019entretien que d\u2019autres mat\u00e9riaux. <\/p>\n<p>Comme les propri\u00e9taires de la maison, votre maison est importante pour nous.<\/p>\n<p>- Balcons en b\u00e9ton<br \/>\n- Escalier en b\u00e9ton<br \/>\n- Trottoir<br \/>\n- Murs de sout\u00e8nement<br \/>\n- Chambres froide<br \/>\n- Plancher de garage<br \/>\n- Pave-uni<br \/>\n- Restauration du b\u00e9ton <\/p>\n<\/div>\n\t\t<\/div><\/div><\/div><div id=\"pgc-251-0-2\"  class=\"panel-grid-cell panel-grid-cell-empty\" ><\/div><div id=\"pgc-251-0-3\"  class=\"panel-grid-cell panel-grid-cell-mobile-last\" ><div id=\"panel-251-0-3-0\" class=\"so-panel widget widget_text panel-first-child\" data-index=\"1\" ><div class=\"panel-widget-style panel-widget-style-for-251-0-3-0\" ><h3 class=\"widget-title\">NOS SERVICES<\/h3>\t\t\t<div class=\"textwidget\"><\/div>\n\t\t<\/div><\/div><div id=\"panel-251-0-3-1\" class=\"so-panel widget widget_text\" data-index=\"2\" >\t\t\t<div class=\"textwidget\"><div class=\"ich-prefix\">\r\n\r\n    \r\n    <div class=\"row wcp-fgg-wrap\" style=\"width:auto;margin-left: -10px;margin-right: -10px;\">\r\n\r\n                                <div class=\"col-1-4\" style=\"padding: 10px;\">\r\n                <div class=\"wcp-caption-plugin\" ontouchstart=\"\" id=\"wcp-widget-684-1\" style=\"\">\r\n            <div class=\"image-caption-box\">\r\n            <div class=\"caption slide-left-to-right\"\r\n                style=\"background-color: ;\r\n                    color: ;\">\r\n                <div style=\"display:table;height:100%;width: 100%;\">\r\n                    <div class=\"centered-text\" style=\"text-align: auto; padding: 5px;\">\r\n                        Balcons en b\u00e9ton                    <\/div>\r\n                <\/div>\r\n            <\/div>\r\n            <img decoding=\"async\" class=\"wcp-caption-image\" src=\"http:\/\/avco.ca\/wp-content\/uploads\/2017\/03\/cementbalcony.jpg\" title=\"\" alt=\"\" style=\"\"\/>\r\n        <\/div>\r\n\r\n    <\/div>\r\n<style>\r\n    <\/style>            <\/div>\r\n            \r\n                                <div class=\"col-1-4\" style=\"padding: 10px;\">\r\n                <div class=\"wcp-caption-plugin\" ontouchstart=\"\" id=\"wcp-widget-684-2\" style=\"\">\r\n            <div class=\"image-caption-box\">\r\n            <div class=\"caption slide-left-to-right\"\r\n                style=\"background-color: ;\r\n                    color: ;\">\r\n                <div style=\"display:table;height:100%;width: 100%;\">\r\n                    <div class=\"centered-text\" style=\"text-align: auto; padding: 5px;\">\r\n                        Escalier en b\u00e9ton                    <\/div>\r\n                <\/div>\r\n            <\/div>\r\n            <img decoding=\"async\" class=\"wcp-caption-image\" src=\"http:\/\/avco.ca\/wp-content\/uploads\/2017\/03\/stairs.jpg\" title=\"\" alt=\"\" style=\"\"\/>\r\n        <\/div>\r\n\r\n    <\/div>\r\n<style>\r\n    <\/style>            <\/div>\r\n            \r\n                                <div class=\"col-1-4\" style=\"padding: 10px;\">\r\n                <div class=\"wcp-caption-plugin\" ontouchstart=\"\" id=\"wcp-widget-684-3\" style=\"\">\r\n            <div class=\"image-caption-box\">\r\n            <div class=\"caption slide-left-to-right\"\r\n                style=\"background-color: ;\r\n                    color: ;\">\r\n                <div style=\"display:table;height:100%;width: 100%;\">\r\n                    <div class=\"centered-text\" style=\"text-align: auto; padding: 5px;\">\r\n                        Trottoir                    <\/div>\r\n                <\/div>\r\n            <\/div>\r\n            <img decoding=\"async\" class=\"wcp-caption-image\" src=\"http:\/\/avco.ca\/wp-content\/uploads\/2017\/03\/walkway.jpg\" title=\"\" alt=\"\" style=\"\"\/>\r\n        <\/div>\r\n\r\n    <\/div>\r\n<style>\r\n    <\/style>            <\/div>\r\n            \r\n                                <div class=\"col-1-4\" style=\"padding: 10px;\">\r\n                <div class=\"wcp-caption-plugin\" ontouchstart=\"\" id=\"wcp-widget-684-4\" style=\"\">\r\n            <div class=\"image-caption-box\">\r\n            <div class=\"caption slide-left-to-right\"\r\n                style=\"background-color: ;\r\n                    color: ;\">\r\n                <div style=\"display:table;height:100%;width: 100%;\">\r\n                    <div class=\"centered-text\" style=\"text-align: auto; padding: 5px;\">\r\n                        Murs de sout\u00e8nement                    <\/div>\r\n                <\/div>\r\n            <\/div>\r\n            <img decoding=\"async\" class=\"wcp-caption-image\" src=\"http:\/\/avco.ca\/wp-content\/uploads\/2017\/03\/retainingwalls.jpg\" title=\"\" alt=\"\" style=\"\"\/>\r\n        <\/div>\r\n\r\n    <\/div>\r\n<style>\r\n    <\/style>            <\/div>\r\n            \r\n            <\/div>\r\n    \r\n\r\n    \r\n    <div class=\"clearfix\"><\/div>\r\n    \r\n<\/div><\/div>\n\t\t<\/div><div id=\"panel-251-0-3-2\" class=\"so-panel widget widget_text panel-last-child\" data-index=\"3\" >\t\t\t<div class=\"textwidget\"><div class=\"ich-prefix\">\r\n\r\n    \r\n    <div class=\"row wcp-fgg-wrap\" style=\"width:auto;margin-left: -10px;margin-right: -10px;\">\r\n\r\n                                <div class=\"col-1-4\" style=\"padding: 10px;\">\r\n                <div class=\"wcp-caption-plugin\" ontouchstart=\"\" id=\"wcp-widget-687-1\" style=\"\">\r\n            <div class=\"image-caption-box\">\r\n            <div class=\"caption slide-left-to-right\"\r\n                style=\"background-color: ;\r\n                    color: ;\">\r\n                <div style=\"display:table;height:100%;width: 100%;\">\r\n                    <div class=\"centered-text\" style=\"text-align: auto; padding: 5px;\">\r\n                        Chambres froide                    <\/div>\r\n                <\/div>\r\n            <\/div>\r\n            <img decoding=\"async\" class=\"wcp-caption-image\" src=\"http:\/\/avco.ca\/wp-content\/uploads\/2017\/06\/coldroom.jpg\" title=\"\" alt=\"\" style=\"\"\/>\r\n        <\/div>\r\n\r\n    <\/div>\r\n<style>\r\n    <\/style>            <\/div>\r\n            \r\n                                <div class=\"col-1-4\" style=\"padding: 10px;\">\r\n                <div class=\"wcp-caption-plugin\" ontouchstart=\"\" id=\"wcp-widget-687-2\" style=\"\">\r\n            <div class=\"image-caption-box\">\r\n            <div class=\"caption slide-left-to-right\"\r\n                style=\"background-color: ;\r\n                    color: ;\">\r\n                <div style=\"display:table;height:100%;width: 100%;\">\r\n                    <div class=\"centered-text\" style=\"text-align: auto; padding: 5px;\">\r\n                        Plancher de garage                    <\/div>\r\n                <\/div>\r\n            <\/div>\r\n            <img decoding=\"async\" class=\"wcp-caption-image\" src=\"http:\/\/avco.ca\/wp-content\/uploads\/2017\/03\/garagefloor.jpg\" title=\"\" alt=\"\" style=\"\"\/>\r\n        <\/div>\r\n\r\n    <\/div>\r\n<style>\r\n    <\/style>            <\/div>\r\n            \r\n                                <div class=\"col-1-4\" style=\"padding: 10px;\">\r\n                <div class=\"wcp-caption-plugin\" ontouchstart=\"\" id=\"wcp-widget-687-3\" style=\"\">\r\n            <div class=\"image-caption-box\">\r\n            <div class=\"caption slide-left-to-right\"\r\n                style=\"background-color: ;\r\n                    color: ;\">\r\n                <div style=\"display:table;height:100%;width: 100%;\">\r\n                    <div class=\"centered-text\" style=\"text-align: auto; padding: 5px;\">\r\n                        Pave-uni                    <\/div>\r\n                <\/div>\r\n            <\/div>\r\n            <img decoding=\"async\" class=\"wcp-caption-image\" src=\"http:\/\/avco.ca\/wp-content\/uploads\/2017\/03\/unistone.jpg\" title=\"\" alt=\"\" style=\"\"\/>\r\n        <\/div>\r\n\r\n    <\/div>\r\n<style>\r\n    <\/style>            <\/div>\r\n            \r\n                                <div class=\"col-1-4\" style=\"padding: 10px;\">\r\n                <div class=\"wcp-caption-plugin\" ontouchstart=\"\" id=\"wcp-widget-687-4\" style=\"\">\r\n            <div class=\"image-caption-box\">\r\n            <div class=\"caption slide-left-to-right\"\r\n                style=\"background-color: ;\r\n                    color: ;\">\r\n                <div style=\"display:table;height:100%;width: 100%;\">\r\n                    <div class=\"centered-text\" style=\"text-align: auto; padding: 5px;\">\r\n                        Restauration du b\u00e9ton                    <\/div>\r\n                <\/div>\r\n            <\/div>\r\n            <img decoding=\"async\" class=\"wcp-caption-image\" src=\"http:\/\/avco.ca\/wp-content\/uploads\/2017\/03\/concrete.jpg\" title=\"\" alt=\"\" style=\"\"\/>\r\n        <\/div>\r\n\r\n    <\/div>\r\n<style>\r\n    <\/style>            <\/div>\r\n            \r\n            <\/div>\r\n    \r\n\r\n    \r\n    <div class=\"clearfix\"><\/div>\r\n    \r\n<\/div><\/div>\n\t\t<\/div><\/div><div id=\"pgc-251-0-4\"  class=\"panel-grid-cell panel-grid-cell-empty\" ><\/div><\/div><\/div><\/div>","protected":false},"excerpt":{"rendered":"<p>CONSTRUCTION R\u00c9SIDENTIEL Avco Inc. vous fournira une service plus respectable des solutions pour vous aider \u00e0 accomplir vos r\u00e9alisations pour votre maison. Avco Inc. utilise la derni\u00e8re technologie de ciment pour chaque projet. B\u00e9ton est une bonne alternative abordable et peut durer longtemps avec moins d\u2019entretien que d\u2019autres mat\u00e9riaux. Comme les propri\u00e9taires de la maison, [&hellip;]<\/p>\n","protected":false},"author":1,"featured_media":0,"parent":0,"menu_order":0,"comment_status":"closed","ping_status":"closed","template":"residential-blank.php","meta":{"footnotes":""},"_links":{"self":[{"href":"https:\/\/avco.ca\/index.php?rest_route=\/wp\/v2\/pages\/251"}],"collection":[{"href":"https:\/\/avco.ca\/index.php?rest_route=\/wp\/v2\/pages"}],"about":[{"href":"https:\/\/avco.ca\/index.php?rest_route=\/wp\/v2\/types\/page"}],"author":[{"embeddable":true,"href":"https:\/\/avco.ca\/index.php?rest_route=\/wp\/v2\/users\/1"}],"replies":[{"embeddable":true,"href":"https:\/\/avco.ca\/index.php?rest_route=%2Fwp%2Fv2%2Fcomments&post=251"}],"version-history":[{"count":79,"href":"https:\/\/avco.ca\/index.php?rest_route=\/wp\/v2\/pages\/251\/revisions"}],"predecessor-version":[{"id":842,"href":"https:\/\/avco.ca\/index.php?rest_route=\/wp\/v2\/pages\/251\/revisions\/842"}],"wp:attachment":[{"href":"https:\/\/avco.ca\/index.php?rest_route=%2Fwp%2Fv2%2Fmedia&parent=251"}],"curies":[{"name":"wp","href":"https:\/\/api.w.org\/{rel}","templated":true}]}}